{"id":18,"date":"2018-06-07T16:13:05","date_gmt":"2018-06-07T14:13:05","guid":{"rendered":"http:\/\/physio-burg.de\/?page_id=18"},"modified":"2018-09-27T11:18:02","modified_gmt":"2018-09-27T09:18:02","slug":"therapieangebote-in-der-uebersicht","status":"publish","type":"page","link":"https:\/\/physio-burg.de\/?page_id=18","title":{"rendered":"Therapieangebote in der \u00dcbersicht"},"content":{"rendered":"<p><strong>Alle unsere Therapieangebote in der \u00dcbersicht:<\/strong><\/p>\n<p>&nbsp;<\/p>\n<table border=\"0\">\n<tbody>\n<tr>\n<td width=\"50%\">\n<h1>Krankengymnastik<\/h1>\n<\/td>\n<td width=\"50%\">\n<h1>Massagen<\/h1>\n<\/td>\n<\/tr>\n<tr>\n<td valign=\"top\">\n<ul>\n<li>Manuelle Therapie<\/li>\n<li>Cyriax<\/li>\n<li><a href=\"http:\/\/physio-burg.de\/?page_id=45\">Schlingentisch<\/a><\/li>\n<li>PNF<\/li>\n<li><a href=\"http:\/\/physio-burg.de\/?page_id=49\">Sportphysiotherapie<\/a><\/li>\n<li><a href=\"http:\/\/physio-burg.de\/?page_id=52\">K\u00e4lte- und W\u00e4rmenanwendungen<\/a><\/li>\n<li><a href=\"http:\/\/physio-burg.de\/?page_id=41\">Manuelle Lymphdrainagen (KPE)<\/a><\/li>\n<li>Dorntherapie<\/li>\n<\/ul>\n<\/td>\n<td valign=\"top\">\n<ul>\n<li><a href=\"http:\/\/physio-burg.de\/?page_id=39\">klassische Massage<\/a><\/li>\n<li>Marnitz Therapie<\/li>\n<li>Fu\u00dfreflexzonenmassage<\/li>\n<li>BGM<\/li>\n<\/ul>\n<\/td>\n<\/tr>\n<tr>\n<td><\/td>\n<td>\n<ul>\n<li><a href=\"http:\/\/physio-burg.de\/?page_id=49\">Unfallnachbehandlungen<\/a><\/li>\n<li>Sportverletzungen<\/li>\n<li>Hausbesuche<\/li>\n<\/ul>\n<\/td>\n<\/tr>\n<\/tbody>\n<\/table>\n<h3 style=\"text-align: center;\">Privat und alle Kassen<\/h3>\n<p><strong>\u00a0<\/strong><\/p>\n","protected":false},"excerpt":{"rendered":"<p>Alle unsere Therapieangebote in der \u00dcbersicht: &nbsp; Krankengymnastik Massagen Manuelle Therapie Cyriax Schlingentisch PNF Sportphysiotherapie K\u00e4lte- und W\u00e4rmenanwendungen Manuelle Lymphdrainagen (KPE) Dorntherapie klassische Massage Marnitz Therapie Fu\u00dfreflexzonenmassage BGM Unfallnachbehandlungen Sportverletzungen Hausbesuche Privat und alle Kassen \u00a0<\/p>\n","protected":false},"author":1,"featured_media":0,"parent":0,"menu_order":0,"comment_status":"closed","ping_status":"closed","template":"","meta":{"footnotes":""},"class_list":["post-18","page","type-page","status-publish","hentry"],"_links":{"self":[{"href":"https:\/\/physio-burg.de\/index.php?rest_route=\/wp\/v2\/pages\/18","targetHints":{"allow":["GET"]}}],"collection":[{"href":"https:\/\/physio-burg.de\/index.php?rest_route=\/wp\/v2\/pages"}],"about":[{"href":"https:\/\/physio-burg.de\/index.php?rest_route=\/wp\/v2\/types\/page"}],"author":[{"embeddable":true,"href":"https:\/\/physio-burg.de\/index.php?rest_route=\/wp\/v2\/users\/1"}],"replies":[{"embeddable":true,"href":"https:\/\/physio-burg.de\/index.php?rest_route=%2Fwp%2Fv2%2Fcomments&post=18"}],"version-history":[{"count":3,"href":"https:\/\/physio-burg.de\/index.php?rest_route=\/wp\/v2\/pages\/18\/revisions"}],"predecessor-version":[{"id":147,"href":"https:\/\/physio-burg.de\/index.php?rest_route=\/wp\/v2\/pages\/18\/revisions\/147"}],"wp:attachment":[{"href":"https:\/\/physio-burg.de\/index.php?rest_route=%2Fwp%2Fv2%2Fmedia&parent=18"}],"curies":[{"name":"wp","href":"https:\/\/api.w.org\/{rel}","templated":true}]}}